{"id":613,"date":"2025-05-04T20:11:32","date_gmt":"2025-05-04T18:11:32","guid":{"rendered":"https:\/\/www.aiki-dan-do.com\/?page_id=613"},"modified":"2025-05-04T20:17:01","modified_gmt":"2025-05-04T18:17:01","slug":"datenschutzerklaerung-2","status":"publish","type":"page","link":"https:\/\/www.aiki-dan-do.com\/?page_id=613","title":{"rendered":"Datenschutzerkl\u00e4rung"},"content":{"rendered":"\t\t<div data-elementor-type=\"wp-page\" data-elementor-id=\"613\" class=\"elementor elementor-613\">\n\t\t\t\t<div class=\"elementor-element elementor-element-5b0874e e-flex e-con-boxed e-con e-parent\" data-id=\"5b0874e\" data-element_type=\"container\" data-e-type=\"container\">\n\t\t\t\t\t<div class=\"e-con-inner\">\n\t\t\t\t<div class=\"elementor-element elementor-element-6ca7fdf elementor-widget elementor-widget-heading\" data-id=\"6ca7fdf\" data-element_type=\"widget\" data-e-type=\"widget\" data-widget_type=\"heading.default\">\n\t\t\t\t<div class=\"elementor-widget-container\">\n\t\t\t\t\t<h4 class=\"elementor-heading-title elementor-size-default\">Datenschutzerkl\u00e4rung<\/h4>\t\t\t\t<\/div>\n\t\t\t\t<\/div>\n\t\t\t\t<div class=\"elementor-element elementor-element-cd0663f elementor-widget elementor-widget-text-editor\" data-id=\"cd0663f\" data-element_type=\"widget\" data-e-type=\"widget\" data-widget_type=\"text-editor.default\">\n\t\t\t\t<div class=\"elementor-widget-container\">\n\t\t\t\t\t\t\t\t\t<h4 data-start=\"278\" data-end=\"304\">1. Allgemeine Hinweise<\/h4><p class=\"\" data-start=\"306\" data-end=\"609\">Der Schutz Ihrer pers\u00f6nlichen Daten ist uns ein besonderes Anliegen. Wir verarbeiten Ihre Daten daher ausschlie\u00dflich auf Grundlage der gesetzlichen Bestimmungen (DSGVO, TMG). In dieser Datenschutzerkl\u00e4rung informieren wir Sie \u00fcber die wichtigsten Aspekte der Datenverarbeitung im Rahmen unserer Website.<\/p><h4 data-start=\"611\" data-end=\"634\">2. Verantwortlicher<\/h4><p class=\"\" data-start=\"636\" data-end=\"748\">AIKI-DAN-DO Akademie e.V.<br data-start=\"658\" data-end=\"661\" \/>Lingenfelder Stra\u00dfe 2<br \/>76726 Germersheim<br \/><a href=\"mailto:info@aiki-dan-do.com\">info@aiki-dan-do.com<\/a><br data-start=\"713\" data-end=\"716\" \/>07272 9556450<\/p><h4 data-start=\"750\" data-end=\"764\">3. Hosting<\/h4><p class=\"\" data-start=\"766\" data-end=\"818\">Unsere Website wird bei folgendem Anbieter gehostet:<\/p><p class=\"\" data-start=\"820\" data-end=\"924\"><strong data-start=\"820\" data-end=\"850\">tagsolution e-Systems GmbH<\/strong><br data-start=\"850\" data-end=\"853\" \/>[Adresse des Anbieters \u2013 falls gew\u00fcnscht]<br data-start=\"894\" data-end=\"897\" \/>Serverstandort: Deutschland<\/p><p class=\"\" data-start=\"926\" data-end=\"1030\">Mit dem Hosting-Anbieter wurde ein Auftragsverarbeitungsvertrag (AVV) gem\u00e4\u00df Art. 28 DSGVO abgeschlossen.<\/p><h4 data-start=\"1032\" data-end=\"1070\">4. Zugriffsdaten (Server-Logfiles)<\/h4><p class=\"\" data-start=\"1072\" data-end=\"1181\">Beim Besuch der Website werden durch den Hosting-Anbieter automatisch folgende Daten erfasst und gespeichert:<\/p><ul data-start=\"1183\" data-end=\"1380\"><li class=\"\" data-start=\"1183\" data-end=\"1210\"><p class=\"\" data-start=\"1185\" data-end=\"1210\">IP-Adresse (anonymisiert)<\/p><\/li><li class=\"\" data-start=\"1211\" data-end=\"1243\"><p class=\"\" data-start=\"1213\" data-end=\"1243\">Datum und Uhrzeit des Zugriffs<\/p><\/li><li class=\"\" data-start=\"1244\" data-end=\"1272\"><p class=\"\" data-start=\"1246\" data-end=\"1272\">Name der abgerufenen Datei<\/p><\/li><li class=\"\" data-start=\"1273\" data-end=\"1323\"><p class=\"\" data-start=\"1275\" data-end=\"1323\">Website, von der der Zugriff erfolgte (Referrer)<\/p><\/li><li class=\"\" data-start=\"1324\" data-end=\"1349\"><p class=\"\" data-start=\"1326\" data-end=\"1349\">Browsertyp und -version<\/p><\/li><li class=\"\" data-start=\"1350\" data-end=\"1380\"><p class=\"\" data-start=\"1352\" data-end=\"1380\">Betriebssystem des Besuchers<\/p><\/li><\/ul><p class=\"\" data-start=\"1382\" data-end=\"1519\">Diese Daten dienen der technischen \u00dcberwachung und zur Abwehr von Angriffen. Eine Zusammenf\u00fchrung mit anderen Datenquellen erfolgt nicht.<\/p><h4 data-start=\"1521\" data-end=\"1557\">5. Cookies und Cookie-Management<\/h4><p class=\"\" data-start=\"1559\" data-end=\"1796\">Diese Website nutzt das Plugin <strong data-start=\"1590\" data-end=\"1603\">Complianz<\/strong> zur Verwaltung von Cookies und der Einwilligungen gem\u00e4\u00df DSGVO. Beim ersten Besuch der Website haben Sie die M\u00f6glichkeit, der Nutzung bestimmter Cookies aktiv zuzustimmen oder diese abzulehnen.<\/p><p class=\"\" data-start=\"1798\" data-end=\"1926\">Technisch notwendige Cookies werden unabh\u00e4ngig von Ihrer Zustimmung gesetzt, da sie f\u00fcr den Betrieb der Seite erforderlich sind.<\/p><h4 data-start=\"1928\" data-end=\"1961\">6. Einbindung von Google Maps<\/h4><p class=\"\" data-start=\"1963\" data-end=\"2114\">Auf unserer Website ist eine Karte von <strong data-start=\"2002\" data-end=\"2017\">Google Maps<\/strong> eingebettet. Anbieter ist Google Ireland Limited, Gordon House, Barrow Street, Dublin 4, Irland.<\/p><p class=\"\" data-start=\"2116\" data-end=\"2439\">Durch die Nutzung von Google Maps werden Informationen \u00fcber die Nutzung dieser Website (einschlie\u00dflich Ihrer IP-Adresse) an Google-Server \u00fcbertragen und dort gespeichert. Dabei kann es auch zu einer Daten\u00fcbertragung in die USA kommen. Die Einbindung erfolgt erst nach aktiver Einwilligung durch Sie (Opt-in \u00fcber Complianz).<\/p><p class=\"\" data-start=\"2441\" data-end=\"2548\">Mehr Informationen finden Sie in der Datenschutzerkl\u00e4rung von Google:<br data-start=\"2510\" data-end=\"2513\" \/><a class=\"cursor-pointer\" target=\"_new\" rel=\"noopener\" data-start=\"2513\" data-end=\"2548\">https:\/\/policies.google.com\/privacy<\/a><\/p><h4 data-start=\"2550\" data-end=\"2584\">7. Verwendung von Google Fonts<\/h4><p class=\"\" data-start=\"2586\" data-end=\"3001\">Unsere Website nutzt zur einheitlichen Darstellung von Schriftarten <strong data-start=\"2654\" data-end=\"2670\">Google Fonts<\/strong>, bereitgestellt von Google Ireland Limited. Die Fonts werden lokal auf unserem Server gehostet, sodass keine Verbindung zu Google-Servern hergestellt wird und keine personenbezogenen Daten \u00fcbertragen werden. Sollte dies in Einzelf\u00e4llen nicht gew\u00e4hrleistet sein, erfolgt die Einbindung nur nach Ihrer Einwilligung (\u00fcber Complianz).<\/p><h4 data-start=\"3003\" data-end=\"3036\">8. Kontaktaufnahme per E-Mail<\/h4><p class=\"\" data-start=\"3038\" data-end=\"3295\">Wenn Sie per E-Mail mit uns Kontakt aufnehmen, werden die von Ihnen angegebenen Daten (E-Mail-Adresse, ggf. Name, Inhalt Ihrer Nachricht) ausschlie\u00dflich zur Bearbeitung Ihrer Anfrage verwendet. Eine Weitergabe an Dritte erfolgt nicht ohne Ihre Einwilligung.<\/p><h4 data-start=\"3297\" data-end=\"3319\">9. Bildernachweise<\/h4><p class=\"\" data-start=\"3321\" data-end=\"3540\">Auf unserer Website verwendete Bilder stammen teilweise von <strong data-start=\"3381\" data-end=\"3392\">Pixabay<\/strong> (<a class=\"\" href=\"http:\/\/www.pixabay.com\" target=\"_new\" rel=\"noopener\" data-start=\"3394\" data-end=\"3409\">www.pixabay.com<\/a>). Diese Bilder sind gem\u00e4\u00df den Lizenzbedingungen von Pixabay frei verwendbar \u2013 auch ohne Namensnennung und f\u00fcr kommerzielle Zwecke.<\/p><h4 data-start=\"3542\" data-end=\"3561\">10. Ihre Rechte<\/h4><p class=\"\" data-start=\"3563\" data-end=\"3909\">Sie haben jederzeit das Recht auf Auskunft, Berichtigung, L\u00f6schung, Einschr\u00e4nkung der Verarbeitung, Daten\u00fcbertragbarkeit sowie Widerspruch gegen die Verarbeitung Ihrer personenbezogenen Daten. Wenn Sie glauben, dass die Verarbeitung Ihrer Daten gegen das Datenschutzrecht verst\u00f6\u00dft, k\u00f6nnen Sie sich bei der zust\u00e4ndigen Aufsichtsbeh\u00f6rde beschweren.<\/p><h4 data-start=\"3911\" data-end=\"3957\">11. \u00c4nderungen dieser Datenschutzerkl\u00e4rung<\/h4><p class=\"\" data-start=\"3959\" data-end=\"4133\">Wir behalten uns vor, diese Datenschutzerkl\u00e4rung bei \u00c4nderungen an der Website oder der Rechtslage anzupassen. Die jeweils aktuelle Version finden Sie immer auf dieser Seite.<\/p>\t\t\t\t\t\t\t\t<\/div>\n\t\t\t\t<\/div>\n\t\t\t\t\t<\/div>\n\t\t\t\t<\/div>\n\t\t\t\t<\/div>\n\t\t","protected":false},"excerpt":{"rendered":"<p>Datenschutzerkl\u00e4rung 1. Allgemeine Hinweise Der Schutz Ihrer pers\u00f6nlichen Daten ist uns ein besonderes Anliegen. Wir verarbeiten Ihre Daten daher ausschlie\u00dflich auf Grundlage der gesetzlichen Bestimmungen (DSGVO, TMG). In dieser Datenschutzerkl\u00e4rung informieren wir Sie \u00fcber die wichtigsten Aspekte der Datenverarbeitung im Rahmen unserer Website. 2. Verantwortlicher AIKI-DAN-DO Akademie e.V.Lingenfelder Stra\u00dfe 276726 Germersheiminfo@aiki-dan-do.com07272 9556450 3. Hosting Unsere [&hellip;]<\/p>\n","protected":false},"author":1,"featured_media":0,"parent":0,"menu_order":0,"comment_status":"closed","ping_status":"closed","template":"","meta":{"footnotes":""},"class_list":["post-613","page","type-page","status-publish","hentry"],"_links":{"self":[{"href":"https:\/\/www.aiki-dan-do.com\/index.php?rest_route=\/wp\/v2\/pages\/613","targetHints":{"allow":["GET"]}}],"collection":[{"href":"https:\/\/www.aiki-dan-do.com\/index.php?rest_route=\/wp\/v2\/pages"}],"about":[{"href":"https:\/\/www.aiki-dan-do.com\/index.php?rest_route=\/wp\/v2\/types\/page"}],"author":[{"embeddable":true,"href":"https:\/\/www.aiki-dan-do.com\/index.php?rest_route=\/wp\/v2\/users\/1"}],"replies":[{"embeddable":true,"href":"https:\/\/www.aiki-dan-do.com\/index.php?rest_route=%2Fwp%2Fv2%2Fcomments&post=613"}],"version-history":[{"count":7,"href":"https:\/\/www.aiki-dan-do.com\/index.php?rest_route=\/wp\/v2\/pages\/613\/revisions"}],"predecessor-version":[{"id":622,"href":"https:\/\/www.aiki-dan-do.com\/index.php?rest_route=\/wp\/v2\/pages\/613\/revisions\/622"}],"wp:attachment":[{"href":"https:\/\/www.aiki-dan-do.com\/index.php?rest_route=%2Fwp%2Fv2%2Fmedia&parent=613"}],"curies":[{"name":"wp","href":"https:\/\/api.w.org\/{rel}","templated":true}]}}