{"id":599,"date":"2025-04-07T19:17:12","date_gmt":"2025-04-07T17:17:12","guid":{"rendered":"https:\/\/www.aiki-dan-do.com\/?page_id=599"},"modified":"2025-04-07T19:31:26","modified_gmt":"2025-04-07T17:31:26","slug":"germersheim-trifft-steven-segal","status":"publish","type":"page","link":"https:\/\/www.aiki-dan-do.com\/?page_id=599","title":{"rendered":"Germersheim trifft Steven Seagal"},"content":{"rendered":"\t\t<div data-elementor-type=\"wp-page\" data-elementor-id=\"599\" class=\"elementor elementor-599\">\n\t\t\t\t<div class=\"elementor-element elementor-element-7e5b728 e-flex e-con-boxed e-con e-parent\" data-id=\"7e5b728\" data-element_type=\"container\" data-e-type=\"container\" data-settings=\"{&quot;background_background&quot;:&quot;classic&quot;}\">\n\t\t\t\t\t<div class=\"e-con-inner\">\n\t\t<div class=\"elementor-element elementor-element-07372ea e-con-full e-flex e-con e-child\" data-id=\"07372ea\" data-element_type=\"container\" data-e-type=\"container\">\n\t\t\t\t<div class=\"elementor-element elementor-element-8cc1a5d elementor-widget elementor-widget-image\" data-id=\"8cc1a5d\" data-element_type=\"widget\" data-e-type=\"widget\" data-widget_type=\"image.default\">\n\t\t\t\t<div class=\"elementor-widget-container\">\n\t\t\t\t\t\t\t\t\t\t\t\t\t\t\t<img fetchpriority=\"high\" decoding=\"async\" width=\"800\" height=\"534\" src=\"https:\/\/www.aiki-dan-do.com\/wp-content\/uploads\/2025\/04\/Dojo002-1024x683.jpg\" class=\"attachment-large size-large wp-image-581\" alt=\"\" srcset=\"https:\/\/www.aiki-dan-do.com\/wp-content\/uploads\/2025\/04\/Dojo002-1024x683.jpg 1024w, https:\/\/www.aiki-dan-do.com\/wp-content\/uploads\/2025\/04\/Dojo002-300x200.jpg 300w, https:\/\/www.aiki-dan-do.com\/wp-content\/uploads\/2025\/04\/Dojo002-768x512.jpg 768w, https:\/\/www.aiki-dan-do.com\/wp-content\/uploads\/2025\/04\/Dojo002-1536x1024.jpg 1536w, https:\/\/www.aiki-dan-do.com\/wp-content\/uploads\/2025\/04\/Dojo002.jpg 2048w\" sizes=\"(max-width: 800px) 100vw, 800px\" \/>\t\t\t\t\t\t\t\t\t\t\t\t\t\t\t<\/div>\n\t\t\t\t<\/div>\n\t\t\t\t<\/div>\n\t\t<div class=\"elementor-element elementor-element-bf59ed8 e-con-full e-flex e-con e-child\" data-id=\"bf59ed8\" data-element_type=\"container\" data-e-type=\"container\">\n\t\t\t\t<div class=\"elementor-element elementor-element-c1846dd elementor-widget elementor-widget-image\" data-id=\"c1846dd\" data-element_type=\"widget\" data-e-type=\"widget\" data-widget_type=\"image.default\">\n\t\t\t\t<div class=\"elementor-widget-container\">\n\t\t\t\t\t\t\t\t\t\t\t\t\t\t\t<img decoding=\"async\" width=\"695\" height=\"187\" src=\"https:\/\/www.aiki-dan-do.com\/wp-content\/uploads\/2025\/03\/banner.jpg\" class=\"attachment-large size-large wp-image-522\" alt=\"\" srcset=\"https:\/\/www.aiki-dan-do.com\/wp-content\/uploads\/2025\/03\/banner.jpg 695w, https:\/\/www.aiki-dan-do.com\/wp-content\/uploads\/2025\/03\/banner-300x81.jpg 300w\" sizes=\"(max-width: 695px) 100vw, 695px\" \/>\t\t\t\t\t\t\t\t\t\t\t\t\t\t\t<\/div>\n\t\t\t\t<\/div>\n\t\t\t\t<\/div>\n\t\t\t\t<div class=\"elementor-element elementor-element-76f0230 elementor-widget elementor-widget-image\" data-id=\"76f0230\" data-element_type=\"widget\" data-e-type=\"widget\" data-widget_type=\"image.default\">\n\t\t\t\t<div class=\"elementor-widget-container\">\n\t\t\t\t\t\t\t\t\t\t\t\t\t\t\t<img decoding=\"async\" width=\"512\" height=\"341\" src=\"https:\/\/www.aiki-dan-do.com\/wp-content\/uploads\/2025\/04\/IMG_1376.jpg\" class=\"attachment-large size-large wp-image-582\" alt=\"\" srcset=\"https:\/\/www.aiki-dan-do.com\/wp-content\/uploads\/2025\/04\/IMG_1376.jpg 512w, https:\/\/www.aiki-dan-do.com\/wp-content\/uploads\/2025\/04\/IMG_1376-300x200.jpg 300w\" sizes=\"(max-width: 512px) 100vw, 512px\" \/>\t\t\t\t\t\t\t\t\t\t\t\t\t\t\t<\/div>\n\t\t\t\t<\/div>\n\t\t\t\t\t<\/div>\n\t\t\t\t<\/div>\n\t\t<div class=\"elementor-element elementor-element-4b47b66 e-grid e-con-boxed e-con e-parent\" data-id=\"4b47b66\" data-element_type=\"container\" data-e-type=\"container\">\n\t\t\t\t\t<div class=\"e-con-inner\">\n\t\t\t\t<div class=\"elementor-element elementor-element-3879a48 elementor-widget elementor-widget-heading\" data-id=\"3879a48\" data-element_type=\"widget\" data-e-type=\"widget\" data-widget_type=\"heading.default\">\n\t\t\t\t<div class=\"elementor-widget-container\">\n\t\t\t\t\t<h2 class=\"elementor-heading-title elementor-size-default\">Germersheimer Verein trifft Steven Seagal<\/h2>\t\t\t\t<\/div>\n\t\t\t\t<\/div>\n\t\t\t\t\t<\/div>\n\t\t\t\t<\/div>\n\t\t<div class=\"elementor-element elementor-element-35e5591 e-flex e-con-boxed e-con e-parent\" data-id=\"35e5591\" data-element_type=\"container\" data-e-type=\"container\">\n\t\t\t\t\t<div class=\"e-con-inner\">\n\t\t<div class=\"elementor-element elementor-element-4d64599 e-con-full e-flex e-con e-child\" data-id=\"4d64599\" data-element_type=\"container\" data-e-type=\"container\">\n\t\t\t\t<div class=\"elementor-element elementor-element-789876a elementor-widget elementor-widget-image\" data-id=\"789876a\" data-element_type=\"widget\" data-e-type=\"widget\" data-widget_type=\"image.default\">\n\t\t\t\t<div class=\"elementor-widget-container\">\n\t\t\t\t\t\t\t\t\t\t\t\t\t\t\t<img loading=\"lazy\" decoding=\"async\" width=\"512\" height=\"384\" src=\"https:\/\/www.aiki-dan-do.com\/wp-content\/uploads\/2025\/04\/downlow10.jpg\" class=\"attachment-large size-large wp-image-602\" alt=\"\" srcset=\"https:\/\/www.aiki-dan-do.com\/wp-content\/uploads\/2025\/04\/downlow10.jpg 512w, https:\/\/www.aiki-dan-do.com\/wp-content\/uploads\/2025\/04\/downlow10-300x225.jpg 300w\" sizes=\"(max-width: 512px) 100vw, 512px\" \/>\t\t\t\t\t\t\t\t\t\t\t\t\t\t\t<\/div>\n\t\t\t\t<\/div>\n\t\t\t\t<\/div>\n\t\t<div class=\"elementor-element elementor-element-3fb19c8 e-con-full e-flex e-con e-child\" data-id=\"3fb19c8\" data-element_type=\"container\" data-e-type=\"container\">\n\t\t\t\t<div class=\"elementor-element elementor-element-4bf369f elementor-widget elementor-widget-text-editor\" data-id=\"4bf369f\" data-element_type=\"widget\" data-e-type=\"widget\" data-widget_type=\"text-editor.default\">\n\t\t\t\t<div class=\"elementor-widget-container\">\n\t\t\t\t\t\t\t\t\t<p>Es gibt Zuf\u00e4lle im Leben, die glaubt man nicht. Schon gar nicht, wenn der Aiki-Dan-Do e.V. Germersheim zum Grand Opening von Planet Hollywood in Duisburg als Stargast eingeladen wurde. Der Veranstalter selbst wollte den Germersheimer Verein bei diesem Event in vorderster Front dabei haben. Am Freitag, dem 11. Juli 2014 starteten Sensei Daniel und unsere beiden Mitglieder Joe Thompson und Mike Dalien (Down Low) schon in der Fr\u00fche nach Duisburg. Dort angekommen, tauschten Sie ihren fahrbaren Untersatz gegen eine Hummer Limousine, welche Sie dann zum Planet Hollywood brachte.<br \/>Im Blitzlichtgewitter der anwesenden Pressevertreter wurden die drei unter tosendem Applaus auf dem roten Teppich empfangen. \u201eIch hab irgendwann trotz Sonnenbrille nur noch gr\u00fcne Flecken gesehen\u201c so Sensei Daniel.<\/p>\t\t\t\t\t\t\t\t<\/div>\n\t\t\t\t<\/div>\n\t\t\t\t<\/div>\n\t\t\t\t\t<\/div>\n\t\t\t\t<\/div>\n\t\t<div class=\"elementor-element elementor-element-47ed003 e-flex e-con-boxed e-con e-parent\" data-id=\"47ed003\" data-element_type=\"container\" data-e-type=\"container\">\n\t\t\t\t\t<div class=\"e-con-inner\">\n\t\t<div class=\"elementor-element elementor-element-6628fcd e-con-full e-flex e-con e-child\" data-id=\"6628fcd\" data-element_type=\"container\" data-e-type=\"container\">\n\t\t\t\t<div class=\"elementor-element elementor-element-3f29494 elementor-widget elementor-widget-text-editor\" data-id=\"3f29494\" data-element_type=\"widget\" data-e-type=\"widget\" data-widget_type=\"text-editor.default\">\n\t\t\t\t<div class=\"elementor-widget-container\">\n\t\t\t\t\t\t\t\t\t<p>Unter den weiteren G\u00e4sten befand sich auch Steven Seagal. Der durch seine Martial-Arts Filme wie z.B. Alarmstufe Rot weltweit bekannte Schauspieler, aber auch S\u00e4nger und Aikido-Gro\u00dfmeister, war sehr interessiert an Aiki-Dan-Do. Trotz Termindrucks und wartenden Fans nahm er sich die Zeit und lies sich alles ausf\u00fchrlich erkl\u00e4ren. \u201eWir bleiben in Kontakt!\u201c, so Seagal der Sensei Daniel sowie Joe und Mike seine pers\u00f6nliche Visitenkarte \u00fcberreichte mit der Bitte ihn tel. zu kontaktieren, wenn dieser von seiner Tournee wieder zur\u00fcck ist. Sobald er wieder in Deutschland ist, k\u00f6nnte er sich auch einen Besuch in unserem Dojo verbunden mit Aikido Workshop vorstellen.<br \/>Zuf\u00e4lle gibt\u00b4s!<\/p>\t\t\t\t\t\t\t\t<\/div>\n\t\t\t\t<\/div>\n\t\t\t\t<\/div>\n\t\t<div class=\"elementor-element elementor-element-ce7971d e-con-full e-flex e-con e-child\" data-id=\"ce7971d\" data-element_type=\"container\" data-e-type=\"container\">\n\t\t\t\t<div class=\"elementor-element elementor-element-ba1b3a0 elementor-widget elementor-widget-image\" data-id=\"ba1b3a0\" data-element_type=\"widget\" data-e-type=\"widget\" data-widget_type=\"image.default\">\n\t\t\t\t<div class=\"elementor-widget-container\">\n\t\t\t\t\t\t\t\t\t\t\t\t<figure class=\"wp-caption\">\n\t\t\t\t\t\t\t\t\t\t<img loading=\"lazy\" decoding=\"async\" width=\"512\" height=\"384\" src=\"https:\/\/www.aiki-dan-do.com\/wp-content\/uploads\/2025\/04\/segal1.jpg\" class=\"attachment-large size-large wp-image-603\" alt=\"\" srcset=\"https:\/\/www.aiki-dan-do.com\/wp-content\/uploads\/2025\/04\/segal1.jpg 512w, https:\/\/www.aiki-dan-do.com\/wp-content\/uploads\/2025\/04\/segal1-300x225.jpg 300w\" sizes=\"(max-width: 512px) 100vw, 512px\" \/>\t\t\t\t\t\t\t\t\t\t\t<figcaption class=\"widget-image-caption wp-caption-text\">von links: Mike Dalien, Steven Seagal, Sensei Daniel und Joe Thompson<\/figcaption>\n\t\t\t\t\t\t\t\t\t\t<\/figure>\n\t\t\t\t\t\t\t\t\t<\/div>\n\t\t\t\t<\/div>\n\t\t\t\t<\/div>\n\t\t\t\t\t<\/div>\n\t\t\t\t<\/div>\n\t\t<div class=\"elementor-element elementor-element-c6c79c6 e-flex e-con-boxed e-con e-parent\" data-id=\"c6c79c6\" data-element_type=\"container\" data-e-type=\"container\">\n\t\t\t\t\t<div class=\"e-con-inner\">\n\t\t<div class=\"elementor-element elementor-element-b683bdb e-con-full e-flex e-con e-child\" data-id=\"b683bdb\" data-element_type=\"container\" data-e-type=\"container\">\n\t\t\t\t<div class=\"elementor-element elementor-element-0a607f3 elementor-widget elementor-widget-image\" data-id=\"0a607f3\" data-element_type=\"widget\" data-e-type=\"widget\" data-widget_type=\"image.default\">\n\t\t\t\t<div class=\"elementor-widget-container\">\n\t\t\t\t\t\t\t\t\t\t\t\t<figure class=\"wp-caption\">\n\t\t\t\t\t\t\t\t\t\t<img loading=\"lazy\" decoding=\"async\" width=\"800\" height=\"450\" src=\"https:\/\/www.aiki-dan-do.com\/wp-content\/uploads\/2025\/04\/segal2-1024x576.jpeg\" class=\"attachment-large size-large wp-image-604\" alt=\"\" srcset=\"https:\/\/www.aiki-dan-do.com\/wp-content\/uploads\/2025\/04\/segal2-1024x576.jpeg 1024w, https:\/\/www.aiki-dan-do.com\/wp-content\/uploads\/2025\/04\/segal2-300x169.jpeg 300w, https:\/\/www.aiki-dan-do.com\/wp-content\/uploads\/2025\/04\/segal2-768x432.jpeg 768w, https:\/\/www.aiki-dan-do.com\/wp-content\/uploads\/2025\/04\/segal2-1536x864.jpeg 1536w, https:\/\/www.aiki-dan-do.com\/wp-content\/uploads\/2025\/04\/segal2.jpeg 1600w\" sizes=\"(max-width: 800px) 100vw, 800px\" \/>\t\t\t\t\t\t\t\t\t\t\t<figcaption class=\"widget-image-caption wp-caption-text\">Sensei Daniel und Steven Seagal<\/figcaption>\n\t\t\t\t\t\t\t\t\t\t<\/figure>\n\t\t\t\t\t\t\t\t\t<\/div>\n\t\t\t\t<\/div>\n\t\t\t\t<\/div>\n\t\t<div class=\"elementor-element elementor-element-e2a9172 e-con-full e-flex e-con e-child\" data-id=\"e2a9172\" data-element_type=\"container\" data-e-type=\"container\">\n\t\t\t\t<\/div>\n\t\t\t\t\t<\/div>\n\t\t\t\t<\/div>\n\t\t\t\t<\/div>\n\t\t","protected":false},"excerpt":{"rendered":"<p>Germersheimer Verein trifft Steven Seagal Es gibt Zuf\u00e4lle im Leben, die glaubt man nicht. Schon gar nicht, wenn der Aiki-Dan-Do e.V. Germersheim zum Grand Opening von Planet Hollywood in Duisburg als Stargast eingeladen wurde. Der Veranstalter selbst wollte den Germersheimer Verein bei diesem Event in vorderster Front dabei haben. Am Freitag, dem 11. Juli 2014 [&hellip;]<\/p>\n","protected":false},"author":1,"featured_media":0,"parent":0,"menu_order":0,"comment_status":"closed","ping_status":"closed","template":"","meta":{"footnotes":""},"class_list":["post-599","page","type-page","status-publish","hentry"],"_links":{"self":[{"href":"https:\/\/www.aiki-dan-do.com\/index.php?rest_route=\/wp\/v2\/pages\/599","targetHints":{"allow":["GET"]}}],"collection":[{"href":"https:\/\/www.aiki-dan-do.com\/index.php?rest_route=\/wp\/v2\/pages"}],"about":[{"href":"https:\/\/www.aiki-dan-do.com\/index.php?rest_route=\/wp\/v2\/types\/page"}],"author":[{"embeddable":true,"href":"https:\/\/www.aiki-dan-do.com\/index.php?rest_route=\/wp\/v2\/users\/1"}],"replies":[{"embeddable":true,"href":"https:\/\/www.aiki-dan-do.com\/index.php?rest_route=%2Fwp%2Fv2%2Fcomments&post=599"}],"version-history":[{"count":7,"href":"https:\/\/www.aiki-dan-do.com\/index.php?rest_route=\/wp\/v2\/pages\/599\/revisions"}],"predecessor-version":[{"id":610,"href":"https:\/\/www.aiki-dan-do.com\/index.php?rest_route=\/wp\/v2\/pages\/599\/revisions\/610"}],"wp:attachment":[{"href":"https:\/\/www.aiki-dan-do.com\/index.php?rest_route=%2Fwp%2Fv2%2Fmedia&parent=599"}],"curies":[{"name":"wp","href":"https:\/\/api.w.org\/{rel}","templated":true}]}}