{"id":411,"date":"2025-03-20T16:10:09","date_gmt":"2025-03-20T15:10:09","guid":{"rendered":"https:\/\/www.aiki-dan-do.com\/?page_id=411"},"modified":"2025-05-06T06:41:02","modified_gmt":"2025-05-06T04:41:02","slug":"nonkicon-speyer","status":"publish","type":"page","link":"https:\/\/www.aiki-dan-do.com\/?page_id=411","title":{"rendered":"NonkiCon"},"content":{"rendered":"\t\t<div data-elementor-type=\"wp-page\" data-elementor-id=\"411\" class=\"elementor elementor-411\">\n\t\t\t\t<div class=\"elementor-element elementor-element-c64d9c7 e-con-full e-flex e-con e-parent\" data-id=\"c64d9c7\" data-element_type=\"container\" data-e-type=\"container\">\n\t\t\t\t<div class=\"elementor-element elementor-element-a6fd4ca elementor-widget elementor-widget-image\" data-id=\"a6fd4ca\" data-element_type=\"widget\" data-e-type=\"widget\" data-widget_type=\"image.default\">\n\t\t\t\t<div class=\"elementor-widget-container\">\n\t\t\t\t\t\t\t\t\t\t\t\t\t\t\t<img fetchpriority=\"high\" decoding=\"async\" width=\"1280\" height=\"853\" src=\"https:\/\/www.aiki-dan-do.com\/wp-content\/uploads\/2025\/03\/tori-4093340_1280.jpg\" class=\"attachment-full size-full wp-image-34\" alt=\"\" srcset=\"https:\/\/www.aiki-dan-do.com\/wp-content\/uploads\/2025\/03\/tori-4093340_1280.jpg 1280w, https:\/\/www.aiki-dan-do.com\/wp-content\/uploads\/2025\/03\/tori-4093340_1280-300x200.jpg 300w, https:\/\/www.aiki-dan-do.com\/wp-content\/uploads\/2025\/03\/tori-4093340_1280-1024x682.jpg 1024w, https:\/\/www.aiki-dan-do.com\/wp-content\/uploads\/2025\/03\/tori-4093340_1280-768x512.jpg 768w, https:\/\/www.aiki-dan-do.com\/wp-content\/uploads\/2025\/03\/tori-4093340_1280-930x620.jpg 930w\" sizes=\"(max-width: 1280px) 100vw, 1280px\" \/>\t\t\t\t\t\t\t\t\t\t\t\t\t\t\t<\/div>\n\t\t\t\t<\/div>\n\t\t\t\t<\/div>\n\t\t<div class=\"elementor-element elementor-element-c56383f e-flex e-con-boxed e-con e-parent\" data-id=\"c56383f\" data-element_type=\"container\" data-e-type=\"container\">\n\t\t\t\t\t<div class=\"e-con-inner\">\n\t\t\t\t<div class=\"elementor-element elementor-element-1336a82 elementor-widget elementor-widget-heading\" data-id=\"1336a82\" data-element_type=\"widget\" data-e-type=\"widget\" data-widget_type=\"heading.default\">\n\t\t\t\t<div class=\"elementor-widget-container\">\n\t\t\t\t\t<h2 class=\"elementor-heading-title elementor-size-default\">NonkiCon Speyer<\/h2>\t\t\t\t<\/div>\n\t\t\t\t<\/div>\n\t\t\t\t<div class=\"elementor-element elementor-element-508e3d3 elementor-widget elementor-widget-text-editor\" data-id=\"508e3d3\" data-element_type=\"widget\" data-e-type=\"widget\" data-widget_type=\"text-editor.default\">\n\t\t\t\t<div class=\"elementor-widget-container\">\n\t\t\t\t\t\t\t\t\t<p>Die NonkiCon ist &#8222;Die Convention von Japanfans f\u00fcr Japanfans!&#8220; in Speyer. Wir vom Aiki-Dan-Do waren bereits 2023 und 2024 dabei und durften auf der B\u00fchne ein paar authentische Einblicke ins Aikido gew\u00e4hren, wie es in Japan praktiziert und gelehrt wird.<\/p><p>Hier ein paar Einblicke<\/p>\t\t\t\t\t\t\t\t<\/div>\n\t\t\t\t<\/div>\n\t\t<div class=\"elementor-element elementor-element-dfb972f e-grid e-con-full e-con e-child\" data-id=\"dfb972f\" data-element_type=\"container\" data-e-type=\"container\">\n\t\t\t\t<div class=\"elementor-element elementor-element-65cb068 elementor-widget elementor-widget-video\" data-id=\"65cb068\" data-element_type=\"widget\" data-e-type=\"widget\" data-settings=\"{&quot;video_type&quot;:&quot;hosted&quot;,&quot;controls&quot;:&quot;yes&quot;}\" data-widget_type=\"video.default\">\n\t\t\t\t<div class=\"elementor-widget-container\">\n\t\t\t\t\t\t\t<div class=\"e-hosted-video elementor-wrapper elementor-open-inline\">\n\t\t\t\t\t<video class=\"elementor-video\" src=\"https:\/\/www.aiki-dan-do.com\/wp-content\/uploads\/2025\/03\/NonkiCon_01-1.jpg\" controls=\"\" preload=\"metadata\" controlsList=\"nodownload\"><\/video>\n\t\t\t\t<\/div>\n\t\t\t\t\t\t<\/div>\n\t\t\t\t<\/div>\n\t\t\t\t<div class=\"elementor-element elementor-element-a12803e elementor-widget elementor-widget-image\" data-id=\"a12803e\" data-element_type=\"widget\" data-e-type=\"widget\" data-widget_type=\"image.default\">\n\t\t\t\t<div class=\"elementor-widget-container\">\n\t\t\t\t\t\t\t\t\t\t\t\t\t\t\t<img decoding=\"async\" width=\"800\" height=\"453\" src=\"https:\/\/www.aiki-dan-do.com\/wp-content\/uploads\/2025\/03\/NonkiCon_01.jpg\" class=\"attachment-large size-large wp-image-227\" alt=\"\" srcset=\"https:\/\/www.aiki-dan-do.com\/wp-content\/uploads\/2025\/03\/NonkiCon_01.jpg 848w, https:\/\/www.aiki-dan-do.com\/wp-content\/uploads\/2025\/03\/NonkiCon_01-300x170.jpg 300w, https:\/\/www.aiki-dan-do.com\/wp-content\/uploads\/2025\/03\/NonkiCon_01-768x435.jpg 768w\" sizes=\"(max-width: 800px) 100vw, 800px\" \/>\t\t\t\t\t\t\t\t\t\t\t\t\t\t\t<\/div>\n\t\t\t\t<\/div>\n\t\t\t\t<\/div>\n\t\t\t\t\t<\/div>\n\t\t\t\t<\/div>\n\t\t\t\t<\/div>\n\t\t","protected":false},"excerpt":{"rendered":"<p>NonkiCon Speyer Die NonkiCon ist &#8222;Die Convention von Japanfans f\u00fcr Japanfans!&#8220; in Speyer. Wir vom Aiki-Dan-Do waren bereits 2023 und 2024 dabei und durften auf der B\u00fchne ein paar authentische Einblicke ins Aikido gew\u00e4hren, wie es in Japan praktiziert und gelehrt wird. Hier ein paar Einblicke https:\/\/www.aiki-dan-do.com\/wp-content\/uploads\/2025\/03\/NonkiCon_01-1.jpg<\/p>\n","protected":false},"author":1,"featured_media":0,"parent":0,"menu_order":0,"comment_status":"closed","ping_status":"closed","template":"","meta":{"footnotes":""},"class_list":["post-411","page","type-page","status-publish","hentry"],"_links":{"self":[{"href":"https:\/\/www.aiki-dan-do.com\/index.php?rest_route=\/wp\/v2\/pages\/411","targetHints":{"allow":["GET"]}}],"collection":[{"href":"https:\/\/www.aiki-dan-do.com\/index.php?rest_route=\/wp\/v2\/pages"}],"about":[{"href":"https:\/\/www.aiki-dan-do.com\/index.php?rest_route=\/wp\/v2\/types\/page"}],"author":[{"embeddable":true,"href":"https:\/\/www.aiki-dan-do.com\/index.php?rest_route=\/wp\/v2\/users\/1"}],"replies":[{"embeddable":true,"href":"https:\/\/www.aiki-dan-do.com\/index.php?rest_route=%2Fwp%2Fv2%2Fcomments&post=411"}],"version-history":[{"count":15,"href":"https:\/\/www.aiki-dan-do.com\/index.php?rest_route=\/wp\/v2\/pages\/411\/revisions"}],"predecessor-version":[{"id":662,"href":"https:\/\/www.aiki-dan-do.com\/index.php?rest_route=\/wp\/v2\/pages\/411\/revisions\/662"}],"wp:attachment":[{"href":"https:\/\/www.aiki-dan-do.com\/index.php?rest_route=%2Fwp%2Fv2%2Fmedia&parent=411"}],"curies":[{"name":"wp","href":"https:\/\/api.w.org\/{rel}","templated":true}]}}