{"id":332,"date":"2025-03-13T19:05:18","date_gmt":"2025-03-13T18:05:18","guid":{"rendered":"https:\/\/www.aiki-dan-do.com\/?page_id=332"},"modified":"2025-05-28T16:12:19","modified_gmt":"2025-05-28T14:12:19","slug":"impressum-2","status":"publish","type":"page","link":"https:\/\/www.aiki-dan-do.com\/?page_id=332","title":{"rendered":"Impressum"},"content":{"rendered":"\t\t<div data-elementor-type=\"wp-page\" data-elementor-id=\"332\" class=\"elementor elementor-332\">\n\t\t\t\t<div class=\"elementor-element elementor-element-23b4f1c e-flex e-con-boxed e-con e-parent\" data-id=\"23b4f1c\" data-element_type=\"container\" data-e-type=\"container\">\n\t\t\t\t\t<div class=\"e-con-inner\">\n\t\t\t\t<div class=\"elementor-element elementor-element-e8c261b elementor-widget elementor-widget-text-editor\" data-id=\"e8c261b\" data-element_type=\"widget\" data-e-type=\"widget\" data-widget_type=\"text-editor.default\">\n\t\t\t\t<div class=\"elementor-widget-container\">\n\t\t\t\t\t\t\t\t\t<p><strong>Impressum <\/strong><\/p><p>AIKI-DAN-DO Akademie e.V.<\/p><p>vertreten durch den Vorstandsvorsitzenden Daniel Leroux <br \/>und den stellvertretenden Vorstandsvorsitzenden Fabio Bertolini<\/p><p>Lingenfelder Stra\u00dfe 2 <br \/>76726 Germersheim<\/p><p>Fax: 07274\/94919-88 <br \/>Email info @aiki-dan-do.com<\/p><p>USt. ID-Nr. DE283609549<br \/>Vereinsregister VR 30292 <br \/>Amtsgericht Landau in der Pfalz<\/p><p>Verantwortlich f\u00fcr den redaktionellen Inhalt dieser Web-Pr\u00e4senz: <br \/>Christiane M\u00f6ser, Lingenfelder Stra\u00dfe 2, 76726 Germersheim<\/p><p><strong>Urheberrechtlicher Hinweis: <\/strong><\/p><p>Alle Inhalte dieser Webpr\u00e4senz unterliegen dem Schutz nach dem UrhG und sind ohne ausdr\u00fcckliche Genehmigung nicht zur eigenen oder fremden Verwendung, mit Ausnahme der rein privaten Nutzung, gestattet. <br \/>Diesbez\u00fcgliche Anfragen richten Sie bitte an obige Adresse.<\/p><p><strong>Haftung: <\/strong><\/p><p>Trotz st\u00e4ndiger regelm\u00e4\u00dfiger Kontrolle der verlinkten Websites kann f\u00fcr deren Inhalte keine Haftung \u00fcbernommen werden, insbesondere werden die dortigen Inhalte nicht zu Eigen gemacht oder bef\u00fcrwortet. <br \/>F\u00fcr die Inhalte der verlinkten Websites sind ausschlie\u00dflich deren Betreiber verantwortlich.<\/p>\t\t\t\t\t\t\t\t<\/div>\n\t\t\t\t<\/div>\n\t\t\t\t\t<\/div>\n\t\t\t\t<\/div>\n\t\t\t\t<\/div>\n\t\t","protected":false},"excerpt":{"rendered":"<p>Impressum AIKI-DAN-DO Akademie e.V. vertreten durch den Vorstandsvorsitzenden Daniel Leroux und den stellvertretenden Vorstandsvorsitzenden Fabio Bertolini Lingenfelder Stra\u00dfe 2 76726 Germersheim Fax: 07274\/94919-88 Email info @aiki-dan-do.com USt. ID-Nr. DE283609549Vereinsregister VR 30292 Amtsgericht Landau in der Pfalz Verantwortlich f\u00fcr den redaktionellen Inhalt dieser Web-Pr\u00e4senz: Christiane M\u00f6ser, Lingenfelder Stra\u00dfe 2, 76726 Germersheim Urheberrechtlicher Hinweis: Alle Inhalte dieser [&hellip;]<\/p>\n","protected":false},"author":1,"featured_media":0,"parent":0,"menu_order":0,"comment_status":"closed","ping_status":"closed","template":"","meta":{"footnotes":""},"class_list":["post-332","page","type-page","status-publish","hentry"],"_links":{"self":[{"href":"https:\/\/www.aiki-dan-do.com\/index.php?rest_route=\/wp\/v2\/pages\/332","targetHints":{"allow":["GET"]}}],"collection":[{"href":"https:\/\/www.aiki-dan-do.com\/index.php?rest_route=\/wp\/v2\/pages"}],"about":[{"href":"https:\/\/www.aiki-dan-do.com\/index.php?rest_route=\/wp\/v2\/types\/page"}],"author":[{"embeddable":true,"href":"https:\/\/www.aiki-dan-do.com\/index.php?rest_route=\/wp\/v2\/users\/1"}],"replies":[{"embeddable":true,"href":"https:\/\/www.aiki-dan-do.com\/index.php?rest_route=%2Fwp%2Fv2%2Fcomments&post=332"}],"version-history":[{"count":10,"href":"https:\/\/www.aiki-dan-do.com\/index.php?rest_route=\/wp\/v2\/pages\/332\/revisions"}],"predecessor-version":[{"id":701,"href":"https:\/\/www.aiki-dan-do.com\/index.php?rest_route=\/wp\/v2\/pages\/332\/revisions\/701"}],"wp:attachment":[{"href":"https:\/\/www.aiki-dan-do.com\/index.php?rest_route=%2Fwp%2Fv2%2Fmedia&parent=332"}],"curies":[{"name":"wp","href":"https:\/\/api.w.org\/{rel}","templated":true}]}}