{"id":148,"date":"2025-03-12T10:04:17","date_gmt":"2025-03-12T09:04:17","guid":{"rendered":"https:\/\/www.aiki-dan-do.com\/?page_id=148"},"modified":"2025-03-23T15:38:35","modified_gmt":"2025-03-23T14:38:35","slug":"our-story","status":"publish","type":"page","link":"https:\/\/www.aiki-dan-do.com\/?page_id=148","title":{"rendered":"Unsere Sensei"},"content":{"rendered":"\t\t<div data-elementor-type=\"wp-page\" data-elementor-id=\"148\" class=\"elementor elementor-148\">\n\t\t\t\t<div class=\"elementor-element elementor-element-5142269 e-con-full e-flex e-con e-parent\" data-id=\"5142269\" data-element_type=\"container\" data-e-type=\"container\">\n\t\t\t\t<div class=\"elementor-element elementor-element-b5502cf elementor-widget__width-initial elementor-widget elementor-widget-image\" data-id=\"b5502cf\" data-element_type=\"widget\" data-e-type=\"widget\" data-widget_type=\"image.default\">\n\t\t\t\t<div class=\"elementor-widget-container\">\n\t\t\t\t\t\t\t\t\t\t\t\t\t\t\t<img fetchpriority=\"high\" decoding=\"async\" width=\"1280\" height=\"450\" src=\"https:\/\/www.aiki-dan-do.com\/wp-content\/uploads\/2025\/03\/tori-1976609_1280_klein.png\" class=\"attachment-full size-full wp-image-400\" alt=\"\" srcset=\"https:\/\/www.aiki-dan-do.com\/wp-content\/uploads\/2025\/03\/tori-1976609_1280_klein.png 1280w, https:\/\/www.aiki-dan-do.com\/wp-content\/uploads\/2025\/03\/tori-1976609_1280_klein-300x105.png 300w, https:\/\/www.aiki-dan-do.com\/wp-content\/uploads\/2025\/03\/tori-1976609_1280_klein-1024x360.png 1024w, https:\/\/www.aiki-dan-do.com\/wp-content\/uploads\/2025\/03\/tori-1976609_1280_klein-768x270.png 768w\" sizes=\"(max-width: 1280px) 100vw, 1280px\" \/>\t\t\t\t\t\t\t\t\t\t\t\t\t\t\t<\/div>\n\t\t\t\t<\/div>\n\t\t\t\t<\/div>\n\t\t<div class=\"elementor-element elementor-element-93959ca e-flex e-con-boxed e-con e-parent\" data-id=\"93959ca\" data-element_type=\"container\" data-e-type=\"container\">\n\t\t\t\t\t<div class=\"e-con-inner\">\n\t\t\t\t<div class=\"elementor-element elementor-element-7f480e8 elementor-widget elementor-widget-heading\" data-id=\"7f480e8\" data-element_type=\"widget\" data-e-type=\"widget\" data-widget_type=\"heading.default\">\n\t\t\t\t<div class=\"elementor-widget-container\">\n\t\t\t\t\t<h2 class=\"elementor-heading-title elementor-size-default\">Unsere Sensei<\/h2>\t\t\t\t<\/div>\n\t\t\t\t<\/div>\n\t\t\t\t\t<\/div>\n\t\t\t\t<\/div>\n\t\t<div class=\"elementor-element elementor-element-47a8853c e-con-full e-flex e-con e-parent\" data-id=\"47a8853c\" data-element_type=\"container\" data-e-type=\"container\">\n\t\t<div class=\"elementor-element elementor-element-17565af1 e-con-full e-flex e-con e-child\" data-id=\"17565af1\" data-element_type=\"container\" data-e-type=\"container\" data-settings=\"{&quot;background_background&quot;:&quot;classic&quot;}\">\n\t\t\t\t<div class=\"elementor-element elementor-element-8dcee72 elementor-widget__width-initial elementor-widget elementor-widget-image\" data-id=\"8dcee72\" data-element_type=\"widget\" data-e-type=\"widget\" data-widget_type=\"image.default\">\n\t\t\t\t<div class=\"elementor-widget-container\">\n\t\t\t\t\t\t\t\t\t\t\t\t\t\t\t<img decoding=\"async\" width=\"800\" height=\"600\" src=\"https:\/\/www.aiki-dan-do.com\/wp-content\/uploads\/2025\/03\/Daniel_0001-1024x768.jpg\" class=\"attachment-large size-large wp-image-470\" alt=\"\" srcset=\"https:\/\/www.aiki-dan-do.com\/wp-content\/uploads\/2025\/03\/Daniel_0001-1024x768.jpg 1024w, https:\/\/www.aiki-dan-do.com\/wp-content\/uploads\/2025\/03\/Daniel_0001-300x225.jpg 300w, https:\/\/www.aiki-dan-do.com\/wp-content\/uploads\/2025\/03\/Daniel_0001-768x576.jpg 768w, https:\/\/www.aiki-dan-do.com\/wp-content\/uploads\/2025\/03\/Daniel_0001-1536x1152.jpg 1536w, https:\/\/www.aiki-dan-do.com\/wp-content\/uploads\/2025\/03\/Daniel_0001.jpg 2048w\" sizes=\"(max-width: 800px) 100vw, 800px\" \/>\t\t\t\t\t\t\t\t\t\t\t\t\t\t\t<\/div>\n\t\t\t\t<\/div>\n\t\t\t\t<\/div>\n\t\t<div class=\"elementor-element elementor-element-8734fb e-con-full e-flex e-con e-child\" data-id=\"8734fb\" data-element_type=\"container\" data-e-type=\"container\">\n\t\t\t\t<div class=\"elementor-element elementor-element-12836e92 elementor-widget elementor-widget-heading\" data-id=\"12836e92\" data-element_type=\"widget\" data-e-type=\"widget\" data-widget_type=\"heading.default\">\n\t\t\t\t<div class=\"elementor-widget-container\">\n\t\t\t\t\t<h6 class=\"elementor-heading-title elementor-size-default\">Daniel Leroux<\/h6>\t\t\t\t<\/div>\n\t\t\t\t<\/div>\n\t\t\t\t<div class=\"elementor-element elementor-element-662ba29b elementor-invisible elementor-widget elementor-widget-text-editor\" data-id=\"662ba29b\" data-element_type=\"widget\" data-e-type=\"widget\" data-settings=\"{&quot;_animation&quot;:&quot;fadeIn&quot;,&quot;_animation_delay&quot;:400}\" data-widget_type=\"text-editor.default\">\n\t\t\t\t<div class=\"elementor-widget-container\">\n\t\t\t\t\t\t\t\t\t<p>Wir Sch\u00fcler, die unseren Sensei Daniel nun schon mehrere Jahre kennen und wissen, dass er nicht nach Bekanntheit strebt und f\u00fcr ihn seine Sch\u00fcler und deren Fortschritte das wichtigste sind, werden ihn im Folgenden kurz vorstellen. Zum besseren Verst\u00e4ndnis was AIKI-DAN-DO ist und wie es entstanden ist erscheint es uns von gro\u00dfer Bedeutung.<\/p>\t\t\t\t\t\t\t\t<\/div>\n\t\t\t\t<\/div>\n\t\t\t\t<\/div>\n\t\t\t\t<\/div>\n\t\t<div class=\"elementor-element elementor-element-e117f6b e-flex e-con-boxed e-con e-parent\" data-id=\"e117f6b\" data-element_type=\"container\" data-e-type=\"container\">\n\t\t\t\t\t<div class=\"e-con-inner\">\n\t\t<div class=\"elementor-element elementor-element-1f6fa81 e-grid e-con-full e-con e-child\" data-id=\"1f6fa81\" data-element_type=\"container\" data-e-type=\"container\">\n\t\t\t\t<div class=\"elementor-element elementor-element-14575f6a elementor-widget-mobile__width-inherit elementor-widget elementor-widget-text-editor\" data-id=\"14575f6a\" data-element_type=\"widget\" data-e-type=\"widget\" data-widget_type=\"text-editor.default\">\n\t\t\t\t<div class=\"elementor-widget-container\">\n\t\t\t\t\t\t\t\t\t<p>Geboren wurde Meister Daniel in Paris. Mit f\u00fcnf Jahren bekam er Anfang der sechziger Jahre die Chance in einem AIKIDO Dojo seine Ausbildung zu beginnen. Er lernte dort mit den Begr\u00fcndern einer der ersten AIKIDO F\u00f6derationen Europas, die sich streng an japanischem Vorbild und den Traditionen der Samurai orientierte. Er wurde in Schwert-, Stock-, Wurf- und Handtechnik, sowie in der Philosophie von verschiedenen japanischen und franz\u00f6sischen Meistern unterrichtet. Als junger Mann entschied er sich f\u00fcr den Weg des Kriegers &#8211; auf der Suche nach Wahrheit, Vernunft und Weisheit. In den siebziger Jahren, als Samurai auf der Wanderschaft, begegnete er dem Kung Fu und lernte bei einem Meister. Erstmals entwickelte er die Idee und das Konzept einer weiterentwickelten Kampftechnik.<\/p>\t\t\t\t\t\t\t\t<\/div>\n\t\t\t\t<\/div>\n\t\t\t\t<div class=\"elementor-element elementor-element-1105a178 elementor-widget__width-inherit elementor-widget elementor-widget-image\" data-id=\"1105a178\" data-element_type=\"widget\" data-e-type=\"widget\" data-widget_type=\"image.default\">\n\t\t\t\t<div class=\"elementor-widget-container\">\n\t\t\t\t\t\t\t\t\t\t\t\t\t\t\t<img decoding=\"async\" width=\"349\" height=\"262\" src=\"https:\/\/www.aiki-dan-do.com\/wp-content\/uploads\/2025\/03\/Daniel_0002.jpg\" class=\"attachment-full size-full wp-image-471\" alt=\"\" srcset=\"https:\/\/www.aiki-dan-do.com\/wp-content\/uploads\/2025\/03\/Daniel_0002.jpg 349w, https:\/\/www.aiki-dan-do.com\/wp-content\/uploads\/2025\/03\/Daniel_0002-300x225.jpg 300w\" sizes=\"(max-width: 349px) 100vw, 349px\" \/>\t\t\t\t\t\t\t\t\t\t\t\t\t\t\t<\/div>\n\t\t\t\t<\/div>\n\t\t\t\t<\/div>\n\t\t\t\t\t<\/div>\n\t\t\t\t<\/div>\n\t\t<div class=\"elementor-element elementor-element-2653e8e e-flex e-con-boxed e-con e-parent\" data-id=\"2653e8e\" data-element_type=\"container\" data-e-type=\"container\">\n\t\t\t\t\t<div class=\"e-con-inner\">\n\t\t<div class=\"elementor-element elementor-element-5bde8ac e-grid e-con-full e-con e-child\" data-id=\"5bde8ac\" data-element_type=\"container\" data-e-type=\"container\">\n\t\t\t\t<div class=\"elementor-element elementor-element-e7599bc elementor-widget elementor-widget-image\" data-id=\"e7599bc\" data-element_type=\"widget\" data-e-type=\"widget\" data-widget_type=\"image.default\">\n\t\t\t\t<div class=\"elementor-widget-container\">\n\t\t\t\t\t\t\t\t\t\t\t\t\t\t\t<img loading=\"lazy\" decoding=\"async\" width=\"349\" height=\"262\" src=\"https:\/\/www.aiki-dan-do.com\/wp-content\/uploads\/2025\/03\/Daniel_0003.jpg\" class=\"attachment-large size-large wp-image-472\" alt=\"\" srcset=\"https:\/\/www.aiki-dan-do.com\/wp-content\/uploads\/2025\/03\/Daniel_0003.jpg 349w, https:\/\/www.aiki-dan-do.com\/wp-content\/uploads\/2025\/03\/Daniel_0003-300x225.jpg 300w\" sizes=\"(max-width: 349px) 100vw, 349px\" \/>\t\t\t\t\t\t\t\t\t\t\t\t\t\t\t<\/div>\n\t\t\t\t<\/div>\n\t\t\t\t<div class=\"elementor-element elementor-element-fc5dc31 elementor-widget elementor-widget-text-editor\" data-id=\"fc5dc31\" data-element_type=\"widget\" data-e-type=\"widget\" data-widget_type=\"text-editor.default\">\n\t\t\t\t<div class=\"elementor-widget-container\">\n\t\t\t\t\t\t\t\t\t<p style=\"text-align: center;\"><strong>Sensei\u00a0 Daniel:<\/strong><br \/>&#8222;Wir alle haben vergessen oder wollen nicht mehr h\u00f6ren, was die Gro\u00dfmeister wollten! Wenn wir wollen, dass unser Sport lebt und gegenw\u00e4rtig immer w\u00e4re, seien wir keine Klone; man darf keine Klone schaffen, weil sich unser Sport dann nicht mehr entwickeln wird. Jede Person besitzt ihre Bewegung in der Schwert-, Stock- und in der Handtechnik. Es gibt keine einzige Wahrheit, es gibt so viele Wahrheiten, wie verschiedene \u00c4pfel auf einem Baum. Und dennoch ist es dieser Baum, der uns zu einer Richtung f\u00fchrt, unser Sport.&#8220;<\/p><p style=\"text-align: left;\">\u00a0<\/p>\t\t\t\t\t\t\t\t<\/div>\n\t\t\t\t<\/div>\n\t\t\t\t<\/div>\n\t\t\t\t\t<\/div>\n\t\t\t\t<\/div>\n\t\t<div class=\"elementor-element elementor-element-2c6f68c e-flex e-con-boxed e-con e-parent\" data-id=\"2c6f68c\" data-element_type=\"container\" data-e-type=\"container\">\n\t\t\t\t\t<div class=\"e-con-inner\">\n\t\t\t\t<div class=\"elementor-element elementor-element-abe72a4 elementor-widget elementor-widget-text-editor\" data-id=\"abe72a4\" data-element_type=\"widget\" data-e-type=\"widget\" data-widget_type=\"text-editor.default\">\n\t\t\t\t<div class=\"elementor-widget-container\">\n\t\t\t\t\t\t\t\t\t<p style=\"text-align: left;\">Seine Erfahrungen sp\u00e4ter in Amerika und auch zur\u00fcck in Europa mit K\u00e4mpfern verschiedener Sportarten (Taekwondo, Karate, Freestyle) f\u00fchrten ihm immer wieder vor Augen, dass nicht jede Technik, die sich im Kino gut verkaufen l\u00e4sst, auch in der realen Situation bestehen kann. Nach diesen vielen K\u00e4mpfen und den Erfolgen seiner Kampftechnik, sah er sich best\u00e4tigt in seiner Theorie.<br \/><br \/>\u00dcber einige Jahre zog er sich dann zur\u00fcck, ohne sein eigenes Konzept von AIKI-DAN-DO zu lehren. Die Entscheidung den Weg des Kriegers doch weiter zu gehen, lag in der Beobachtung und der Ver\u00e4nderung der Welt. Immer mehr Gewalt im Alltag gegen Frauen und auch im Besonderen in der Welt unserer Kinder, brachte ihn zu dem Entschluss, in Germersheim einen Dojo zu er\u00f6ffnen und AIKI-DAN-DO zu lehren.<\/p><p style=\"text-align: center;\"><strong>Der Weg des Meisters ist: dem\u00fctig seine Kenntnisse der Lehre, Vernunft und Weisheit weiterzugeben.<\/strong><br \/>Wir haben viel gelernt.<\/p>\t\t\t\t\t\t\t\t<\/div>\n\t\t\t\t<\/div>\n\t\t\t\t\t<\/div>\n\t\t\t\t<\/div>\n\t\t<div class=\"elementor-element elementor-element-ac2baf8 e-flex e-con-boxed e-con e-parent\" data-id=\"ac2baf8\" data-element_type=\"container\" data-e-type=\"container\">\n\t\t\t\t\t<div class=\"e-con-inner\">\n\t\t\t\t<div class=\"elementor-element elementor-element-07f39c4 elementor-widget elementor-widget-image\" data-id=\"07f39c4\" data-element_type=\"widget\" data-e-type=\"widget\" data-widget_type=\"image.default\">\n\t\t\t\t<div class=\"elementor-widget-container\">\n\t\t\t\t\t\t\t\t\t\t\t\t\t\t\t<img loading=\"lazy\" decoding=\"async\" width=\"200\" height=\"201\" src=\"https:\/\/www.aiki-dan-do.com\/wp-content\/uploads\/2025\/03\/cropped-cropped-Kopffrei.png\" class=\"attachment-medium size-medium wp-image-101\" alt=\"\" srcset=\"https:\/\/www.aiki-dan-do.com\/wp-content\/uploads\/2025\/03\/cropped-cropped-Kopffrei.png 200w, https:\/\/www.aiki-dan-do.com\/wp-content\/uploads\/2025\/03\/cropped-cropped-Kopffrei-150x150.png 150w\" sizes=\"(max-width: 200px) 100vw, 200px\" \/>\t\t\t\t\t\t\t\t\t\t\t\t\t\t\t<\/div>\n\t\t\t\t<\/div>\n\t\t\t\t\t<\/div>\n\t\t\t\t<\/div>\n\t\t<div class=\"elementor-element elementor-element-4726d2d e-grid e-con-full e-con e-parent\" data-id=\"4726d2d\" data-element_type=\"container\" data-e-type=\"container\">\n\t\t<div class=\"elementor-element elementor-element-c397376 e-flex e-con-boxed e-con e-child\" data-id=\"c397376\" data-element_type=\"container\" data-e-type=\"container\">\n\t\t\t\t\t<div class=\"e-con-inner\">\n\t\t\t\t<div class=\"elementor-element elementor-element-2455bb1 elementor-widget elementor-widget-heading\" data-id=\"2455bb1\" data-element_type=\"widget\" data-e-type=\"widget\" data-widget_type=\"heading.default\">\n\t\t\t\t<div class=\"elementor-widget-container\">\n\t\t\t\t\t<h6 class=\"elementor-heading-title elementor-size-default\">Toshir\u014d Suga<\/h6>\t\t\t\t<\/div>\n\t\t\t\t<\/div>\n\t\t\t\t<div class=\"elementor-element elementor-element-5329d9a elementor-widget elementor-widget-text-editor\" data-id=\"5329d9a\" data-element_type=\"widget\" data-e-type=\"widget\" data-widget_type=\"text-editor.default\">\n\t\t\t\t<div class=\"elementor-widget-container\">\n\t\t\t\t\t\t\t\t\t<p>Seit 2015 hat das Dojo die Ehre Seminare mit Toshir\u014d abhalten zu d\u00fcrfen.<br \/><br \/>Wir sch\u00e4tzen seine Bem\u00fchungen, Aikido wieder seinem Ursprung n\u00e4her zu bringen, den Kampftechniken der Samurai.<br \/>F\u00fcr Ihn gibt es nicht unterschiedliche Stielrichtungen, sondern nur ein Aikido.<br \/>Daher ist er sehr erfreut, wenn Aikidoka aus unterschiedlichen Verinen und Verb\u00e4nden sich treffen, um gemeinsam zu lernen und zu trainieren.<\/p>\t\t\t\t\t\t\t\t<\/div>\n\t\t\t\t<\/div>\n\t\t\t\t\t<\/div>\n\t\t\t\t<\/div>\n\t\t\t\t<div class=\"elementor-element elementor-element-2603b19 elementor-widget elementor-widget-image\" data-id=\"2603b19\" data-element_type=\"widget\" data-e-type=\"widget\" data-widget_type=\"image.default\">\n\t\t\t\t<div class=\"elementor-widget-container\">\n\t\t\t\t\t\t\t\t\t\t\t\t\t\t\t<img loading=\"lazy\" decoding=\"async\" width=\"640\" height=\"960\" src=\"https:\/\/www.aiki-dan-do.com\/wp-content\/uploads\/2025\/03\/Toshiro_0001.jpg\" class=\"attachment-medium_large size-medium_large wp-image-505\" alt=\"\" srcset=\"https:\/\/www.aiki-dan-do.com\/wp-content\/uploads\/2025\/03\/Toshiro_0001.jpg 640w, https:\/\/www.aiki-dan-do.com\/wp-content\/uploads\/2025\/03\/Toshiro_0001-200x300.jpg 200w\" sizes=\"(max-width: 640px) 100vw, 640px\" \/>\t\t\t\t\t\t\t\t\t\t\t\t\t\t\t<\/div>\n\t\t\t\t<\/div>\n\t\t\t\t<\/div>\n\t\t<div class=\"elementor-element elementor-element-a3b091b e-flex e-con-boxed e-con e-parent\" data-id=\"a3b091b\" data-element_type=\"container\" data-e-type=\"container\">\n\t\t\t\t\t<div class=\"e-con-inner\">\n\t\t\t\t<div class=\"elementor-element elementor-element-0099f81 gallery-spacing-custom elementor-widget elementor-widget-image-gallery\" data-id=\"0099f81\" data-element_type=\"widget\" data-e-type=\"widget\" data-widget_type=\"image-gallery.default\">\n\t\t\t\t<div class=\"elementor-widget-container\">\n\t\t\t\t\t\t\t<div class=\"elementor-image-gallery\">\n\t\t\t<div id='gallery-1' class='gallery galleryid-148 gallery-columns-4 gallery-size-medium'><figure class='gallery-item'>\n\t\t\t<div class='gallery-icon landscape'>\n\t\t\t\t<a data-elementor-open-lightbox=\"yes\" data-elementor-lightbox-slideshow=\"0099f81\" data-elementor-lightbox-title=\"Toshiro_001\" data-e-action-hash=\"#elementor-action%3Aaction%3Dlightbox%26settings%3DeyJpZCI6NTA2LCJ1cmwiOiJodHRwczpcL1wvd3d3LmFpa2ktZGFuLWRvLmNvbVwvd3AtY29udGVudFwvdXBsb2Fkc1wvMjAyNVwvMDNcL1Rvc2hpcm9fMDAxLmpwZyIsInNsaWRlc2hvdyI6IjAwOTlmODEifQ%3D%3D\" href='https:\/\/www.aiki-dan-do.com\/wp-content\/uploads\/2025\/03\/Toshiro_001.jpg'><img loading=\"lazy\" decoding=\"async\" width=\"300\" height=\"225\" src=\"https:\/\/www.aiki-dan-do.com\/wp-content\/uploads\/2025\/03\/Toshiro_001-300x225.jpg\" class=\"attachment-medium size-medium\" alt=\"\" srcset=\"https:\/\/www.aiki-dan-do.com\/wp-content\/uploads\/2025\/03\/Toshiro_001-300x225.jpg 300w, https:\/\/www.aiki-dan-do.com\/wp-content\/uploads\/2025\/03\/Toshiro_001-768x576.jpg 768w, https:\/\/www.aiki-dan-do.com\/wp-content\/uploads\/2025\/03\/Toshiro_001.jpg 960w\" sizes=\"(max-width: 300px) 100vw, 300px\" \/><\/a>\n\t\t\t<\/div><\/figure><figure class='gallery-item'>\n\t\t\t<div class='gallery-icon landscape'>\n\t\t\t\t<a data-elementor-open-lightbox=\"yes\" data-elementor-lightbox-slideshow=\"0099f81\" data-elementor-lightbox-title=\"Toshiro_002\" data-e-action-hash=\"#elementor-action%3Aaction%3Dlightbox%26settings%3DeyJpZCI6NTA3LCJ1cmwiOiJodHRwczpcL1wvd3d3LmFpa2ktZGFuLWRvLmNvbVwvd3AtY29udGVudFwvdXBsb2Fkc1wvMjAyNVwvMDNcL1Rvc2hpcm9fMDAyLmpwZyIsInNsaWRlc2hvdyI6IjAwOTlmODEifQ%3D%3D\" href='https:\/\/www.aiki-dan-do.com\/wp-content\/uploads\/2025\/03\/Toshiro_002.jpg'><img loading=\"lazy\" decoding=\"async\" width=\"300\" height=\"204\" src=\"https:\/\/www.aiki-dan-do.com\/wp-content\/uploads\/2025\/03\/Toshiro_002-300x204.jpg\" class=\"attachment-medium size-medium\" alt=\"\" srcset=\"https:\/\/www.aiki-dan-do.com\/wp-content\/uploads\/2025\/03\/Toshiro_002-300x204.jpg 300w, https:\/\/www.aiki-dan-do.com\/wp-content\/uploads\/2025\/03\/Toshiro_002.jpg 567w\" sizes=\"(max-width: 300px) 100vw, 300px\" \/><\/a>\n\t\t\t<\/div><\/figure><figure class='gallery-item'>\n\t\t\t<div class='gallery-icon landscape'>\n\t\t\t\t<a data-elementor-open-lightbox=\"yes\" data-elementor-lightbox-slideshow=\"0099f81\" data-elementor-lightbox-title=\"\u00f8;\" data-e-action-hash=\"#elementor-action%3Aaction%3Dlightbox%26settings%3DeyJpZCI6NTA4LCJ1cmwiOiJodHRwczpcL1wvd3d3LmFpa2ktZGFuLWRvLmNvbVwvd3AtY29udGVudFwvdXBsb2Fkc1wvMjAyNVwvMDNcL1Rvc2hpcm9fMDAzLmpwZyIsInNsaWRlc2hvdyI6IjAwOTlmODEifQ%3D%3D\" href='https:\/\/www.aiki-dan-do.com\/wp-content\/uploads\/2025\/03\/Toshiro_003.jpg'><img loading=\"lazy\" decoding=\"async\" width=\"300\" height=\"225\" src=\"https:\/\/www.aiki-dan-do.com\/wp-content\/uploads\/2025\/03\/Toshiro_003-300x225.jpg\" class=\"attachment-medium size-medium\" alt=\"\" aria-describedby=\"gallery-1-508\" srcset=\"https:\/\/www.aiki-dan-do.com\/wp-content\/uploads\/2025\/03\/Toshiro_003-300x225.jpg 300w, https:\/\/www.aiki-dan-do.com\/wp-content\/uploads\/2025\/03\/Toshiro_003.jpg 567w\" sizes=\"(max-width: 300px) 100vw, 300px\" \/><\/a>\n\t\t\t<\/div>\n\t\t\t\t<figcaption class='wp-caption-text gallery-caption' id='gallery-1-508'>\n\t\t\t\t\u00f8;\n\t\t\t\t<\/figcaption><\/figure><figure class='gallery-item'>\n\t\t\t<div class='gallery-icon landscape'>\n\t\t\t\t<a data-elementor-open-lightbox=\"yes\" data-elementor-lightbox-slideshow=\"0099f81\" data-elementor-lightbox-title=\"Toshiro_004\" data-e-action-hash=\"#elementor-action%3Aaction%3Dlightbox%26settings%3DeyJpZCI6NTA5LCJ1cmwiOiJodHRwczpcL1wvd3d3LmFpa2ktZGFuLWRvLmNvbVwvd3AtY29udGVudFwvdXBsb2Fkc1wvMjAyNVwvMDNcL1Rvc2hpcm9fMDA0LmpwZyIsInNsaWRlc2hvdyI6IjAwOTlmODEifQ%3D%3D\" href='https:\/\/www.aiki-dan-do.com\/wp-content\/uploads\/2025\/03\/Toshiro_004.jpg'><img loading=\"lazy\" decoding=\"async\" width=\"300\" height=\"225\" src=\"https:\/\/www.aiki-dan-do.com\/wp-content\/uploads\/2025\/03\/Toshiro_004-300x225.jpg\" class=\"attachment-medium size-medium\" alt=\"\" srcset=\"https:\/\/www.aiki-dan-do.com\/wp-content\/uploads\/2025\/03\/Toshiro_004-300x225.jpg 300w, https:\/\/www.aiki-dan-do.com\/wp-content\/uploads\/2025\/03\/Toshiro_004-1024x768.jpg 1024w, https:\/\/www.aiki-dan-do.com\/wp-content\/uploads\/2025\/03\/Toshiro_004-768x576.jpg 768w, https:\/\/www.aiki-dan-do.com\/wp-content\/uploads\/2025\/03\/Toshiro_004-1536x1152.jpg 1536w, https:\/\/www.aiki-dan-do.com\/wp-content\/uploads\/2025\/03\/Toshiro_004.jpg 1600w\" sizes=\"(max-width: 300px) 100vw, 300px\" \/><\/a>\n\t\t\t<\/div><\/figure><figure class='gallery-item'>\n\t\t\t<div class='gallery-icon landscape'>\n\t\t\t\t<a data-elementor-open-lightbox=\"yes\" data-elementor-lightbox-slideshow=\"0099f81\" data-elementor-lightbox-title=\"\u00f8;\" data-e-action-hash=\"#elementor-action%3Aaction%3Dlightbox%26settings%3DeyJpZCI6NTEwLCJ1cmwiOiJodHRwczpcL1wvd3d3LmFpa2ktZGFuLWRvLmNvbVwvd3AtY29udGVudFwvdXBsb2Fkc1wvMjAyNVwvMDNcL1Rvc2hpcm9fMDA1LmpwZyIsInNsaWRlc2hvdyI6IjAwOTlmODEifQ%3D%3D\" href='https:\/\/www.aiki-dan-do.com\/wp-content\/uploads\/2025\/03\/Toshiro_005.jpg'><img loading=\"lazy\" decoding=\"async\" width=\"300\" height=\"225\" src=\"https:\/\/www.aiki-dan-do.com\/wp-content\/uploads\/2025\/03\/Toshiro_005-300x225.jpg\" class=\"attachment-medium size-medium\" alt=\"\" aria-describedby=\"gallery-1-510\" srcset=\"https:\/\/www.aiki-dan-do.com\/wp-content\/uploads\/2025\/03\/Toshiro_005-300x225.jpg 300w, https:\/\/www.aiki-dan-do.com\/wp-content\/uploads\/2025\/03\/Toshiro_005.jpg 567w\" sizes=\"(max-width: 300px) 100vw, 300px\" \/><\/a>\n\t\t\t<\/div>\n\t\t\t\t<figcaption class='wp-caption-text gallery-caption' id='gallery-1-510'>\n\t\t\t\t\u00f8;\n\t\t\t\t<\/figcaption><\/figure><figure class='gallery-item'>\n\t\t\t<div class='gallery-icon landscape'>\n\t\t\t\t<a data-elementor-open-lightbox=\"yes\" data-elementor-lightbox-slideshow=\"0099f81\" data-elementor-lightbox-title=\"\u00f8;\" data-e-action-hash=\"#elementor-action%3Aaction%3Dlightbox%26settings%3DeyJpZCI6NTExLCJ1cmwiOiJodHRwczpcL1wvd3d3LmFpa2ktZGFuLWRvLmNvbVwvd3AtY29udGVudFwvdXBsb2Fkc1wvMjAyNVwvMDNcL1Rvc2hpcm9fMDA2LmpwZyIsInNsaWRlc2hvdyI6IjAwOTlmODEifQ%3D%3D\" href='https:\/\/www.aiki-dan-do.com\/wp-content\/uploads\/2025\/03\/Toshiro_006.jpg'><img loading=\"lazy\" decoding=\"async\" width=\"300\" height=\"225\" src=\"https:\/\/www.aiki-dan-do.com\/wp-content\/uploads\/2025\/03\/Toshiro_006-300x225.jpg\" class=\"attachment-medium size-medium\" alt=\"\" aria-describedby=\"gallery-1-511\" srcset=\"https:\/\/www.aiki-dan-do.com\/wp-content\/uploads\/2025\/03\/Toshiro_006-300x225.jpg 300w, https:\/\/www.aiki-dan-do.com\/wp-content\/uploads\/2025\/03\/Toshiro_006.jpg 567w\" sizes=\"(max-width: 300px) 100vw, 300px\" \/><\/a>\n\t\t\t<\/div>\n\t\t\t\t<figcaption class='wp-caption-text gallery-caption' id='gallery-1-511'>\n\t\t\t\t\u00f8;\n\t\t\t\t<\/figcaption><\/figure><figure class='gallery-item'>\n\t\t\t<div class='gallery-icon landscape'>\n\t\t\t\t<a data-elementor-open-lightbox=\"yes\" data-elementor-lightbox-slideshow=\"0099f81\" data-elementor-lightbox-title=\"\u00f8;\" data-e-action-hash=\"#elementor-action%3Aaction%3Dlightbox%26settings%3DeyJpZCI6NTEyLCJ1cmwiOiJodHRwczpcL1wvd3d3LmFpa2ktZGFuLWRvLmNvbVwvd3AtY29udGVudFwvdXBsb2Fkc1wvMjAyNVwvMDNcL1Rvc2hpcm9fMDA3LmpwZyIsInNsaWRlc2hvdyI6IjAwOTlmODEifQ%3D%3D\" href='https:\/\/www.aiki-dan-do.com\/wp-content\/uploads\/2025\/03\/Toshiro_007.jpg'><img loading=\"lazy\" decoding=\"async\" width=\"300\" height=\"225\" src=\"https:\/\/www.aiki-dan-do.com\/wp-content\/uploads\/2025\/03\/Toshiro_007-300x225.jpg\" class=\"attachment-medium size-medium\" alt=\"\" aria-describedby=\"gallery-1-512\" srcset=\"https:\/\/www.aiki-dan-do.com\/wp-content\/uploads\/2025\/03\/Toshiro_007-300x225.jpg 300w, https:\/\/www.aiki-dan-do.com\/wp-content\/uploads\/2025\/03\/Toshiro_007.jpg 567w\" sizes=\"(max-width: 300px) 100vw, 300px\" \/><\/a>\n\t\t\t<\/div>\n\t\t\t\t<figcaption class='wp-caption-text gallery-caption' id='gallery-1-512'>\n\t\t\t\t\u00f8;\n\t\t\t\t<\/figcaption><\/figure>\n\t\t<\/div>\n\t\t<\/div>\n\t\t\t\t\t\t<\/div>\n\t\t\t\t<\/div>\n\t\t\t\t\t<\/div>\n\t\t\t\t<\/div>\n\t\t\t\t<\/div>\n\t\t","protected":false},"excerpt":{"rendered":"<p>Unsere Sensei Daniel Leroux Wir Sch\u00fcler, die unseren Sensei Daniel nun schon mehrere Jahre kennen und wissen, dass er nicht nach Bekanntheit strebt und f\u00fcr ihn seine Sch\u00fcler und deren Fortschritte das wichtigste sind, werden ihn im Folgenden kurz vorstellen. Zum besseren Verst\u00e4ndnis was AIKI-DAN-DO ist und wie es entstanden ist erscheint es uns von [&hellip;]<\/p>\n","protected":false},"author":1,"featured_media":0,"parent":0,"menu_order":0,"comment_status":"closed","ping_status":"closed","template":"elementor_header_footer","meta":{"footnotes":""},"class_list":["post-148","page","type-page","status-publish","hentry"],"_links":{"self":[{"href":"https:\/\/www.aiki-dan-do.com\/index.php?rest_route=\/wp\/v2\/pages\/148","targetHints":{"allow":["GET"]}}],"collection":[{"href":"https:\/\/www.aiki-dan-do.com\/index.php?rest_route=\/wp\/v2\/pages"}],"about":[{"href":"https:\/\/www.aiki-dan-do.com\/index.php?rest_route=\/wp\/v2\/types\/page"}],"author":[{"embeddable":true,"href":"https:\/\/www.aiki-dan-do.com\/index.php?rest_route=\/wp\/v2\/users\/1"}],"replies":[{"embeddable":true,"href":"https:\/\/www.aiki-dan-do.com\/index.php?rest_route=%2Fwp%2Fv2%2Fcomments&post=148"}],"version-history":[{"count":59,"href":"https:\/\/www.aiki-dan-do.com\/index.php?rest_route=\/wp\/v2\/pages\/148\/revisions"}],"predecessor-version":[{"id":539,"href":"https:\/\/www.aiki-dan-do.com\/index.php?rest_route=\/wp\/v2\/pages\/148\/revisions\/539"}],"wp:attachment":[{"href":"https:\/\/www.aiki-dan-do.com\/index.php?rest_route=%2Fwp%2Fv2%2Fmedia&parent=148"}],"curies":[{"name":"wp","href":"https:\/\/api.w.org\/{rel}","templated":true}]}}