{"id":132,"date":"2025-03-12T10:04:15","date_gmt":"2025-03-12T09:04:15","guid":{"rendered":"https:\/\/www.aiki-dan-do.com\/?page_id=132"},"modified":"2025-03-23T16:57:17","modified_gmt":"2025-03-23T15:57:17","slug":"contact-us","status":"publish","type":"page","link":"https:\/\/www.aiki-dan-do.com\/?page_id=132","title":{"rendered":"Contact Us"},"content":{"rendered":"\t\t<div data-elementor-type=\"wp-page\" data-elementor-id=\"132\" class=\"elementor elementor-132\">\n\t\t\t\t<div class=\"elementor-element elementor-element-2696f443 e-flex e-con-boxed e-con e-parent\" data-id=\"2696f443\" data-element_type=\"container\" data-e-type=\"container\">\n\t\t\t\t\t<div class=\"e-con-inner\">\n\t\t<div class=\"elementor-element elementor-element-11889d7b e-con-full e-flex e-con e-child\" data-id=\"11889d7b\" data-element_type=\"container\" data-e-type=\"container\" data-settings=\"{&quot;background_background&quot;:&quot;classic&quot;}\">\n\t\t\t\t<div class=\"elementor-element elementor-element-c023b9b elementor-widget elementor-widget-google_maps\" data-id=\"c023b9b\" data-element_type=\"widget\" data-e-type=\"widget\" data-widget_type=\"google_maps.default\">\n\t\t\t\t<div class=\"elementor-widget-container\">\n\t\t\t\t\t\t\t<div class=\"elementor-custom-embed\">\n\t\t\t<iframe loading=\"lazy\"\n\t\t\t\t\tsrc=\"https:\/\/maps.google.com\/maps?q=Lingenfelder%20Stra%C3%9Fe%202%2C76726%20Germersheim%2C%20Deutschland&#038;t=m&#038;z=16&#038;output=embed&#038;iwloc=near\"\n\t\t\t\t\ttitle=\"Lingenfelder Stra\u00dfe 2,76726 Germersheim, Deutschland\"\n\t\t\t\t\taria-label=\"Lingenfelder Stra\u00dfe 2,76726 Germersheim, Deutschland\"\n\t\t\t><\/iframe>\n\t\t<\/div>\n\t\t\t\t\t\t<\/div>\n\t\t\t\t<\/div>\n\t\t\t\t<\/div>\n\t\t\t\t<div class=\"elementor-element elementor-element-58df15c elementor-widget__width-initial elementor-widget elementor-widget-text-editor\" data-id=\"58df15c\" data-element_type=\"widget\" data-e-type=\"widget\" data-widget_type=\"text-editor.default\">\n\t\t\t\t<div class=\"elementor-widget-container\">\n\t\t\t\t\t\t\t\t\t<p><strong>Aiki-Dan-Do Dojo<\/strong><\/p><p>Lingenfelder Stra\u00dfe 2<\/p><p>(US Depot Tor 2)<\/p><p class=\"auto-style1\">76726 Germersheim<\/p><p>Telefon: +49 (0)7272\/9556450<\/p><p>E-Mail: <a href=\"mailto:info@aiki-dan-do.com\">info@aiki-dan-do.com<\/a><\/p>\t\t\t\t\t\t\t\t<\/div>\n\t\t\t\t<\/div>\n\t\t\t\t\t<\/div>\n\t\t\t\t<\/div>\n\t\t<div class=\"elementor-element elementor-element-24c16cf6 e-flex e-con-boxed e-con e-parent\" data-id=\"24c16cf6\" data-element_type=\"container\" data-e-type=\"container\">\n\t\t\t\t\t<div class=\"e-con-inner\">\n\t\t\t\t<div class=\"elementor-element elementor-element-2a634e0 elementor-widget__width-initial elementor-widget elementor-widget-text-editor\" data-id=\"2a634e0\" data-element_type=\"widget\" data-e-type=\"widget\" data-widget_type=\"text-editor.default\">\n\t\t\t\t<div class=\"elementor-widget-container\">\n\t\t\t\t\t\t\t\t\t<h3>Hinweis f\u00fcr die Anfahrt<\/h3><p>F\u00fcr Navigationsger\u00e4te empfiehlt sich die Adresse\u00a0<span class=\"style2\" style=\"color: var( --e-global-color-text ); font-family: var( --e-global-typography-text-font-family ), Sans-serif; font-size: var( --e-global-typography-text-font-size ); font-style: var( --e-global-typography-text-font-style ); font-weight: var( --e-global-typography-text-font-weight ); letter-spacing: var( --e-global-typography-text-letter-spacing ); text-transform: var( --e-global-typography-text-text-transform ); text-align: var(--text-align); background-color: var( --e-global-color-c696dce );\">&#8222;<strong>Am Vorwerk Friedrich, Lingenfeld<\/strong>&#8220;\u00a0<\/span><span style=\"color: var( --e-global-color-text ); font-family: var( --e-global-typography-text-font-family ), Sans-serif; font-size: var( --e-global-typography-text-font-size ); font-style: var( --e-global-typography-text-font-style ); font-weight: var( --e-global-typography-text-font-weight ); letter-spacing: var( --e-global-typography-text-letter-spacing ); text-transform: var( --e-global-typography-text-text-transform ); text-align: var(--text-align); background-color: var( --e-global-color-c696dce );\">zu verwenden.<\/span><\/p><p>Nach dem man von der Lingenfelder Stra\u00dfe in Richtung US-Depot Tor 2 abgebogen ist,<br \/>f\u00e4hrt man gleich die erste M\u00f6glichkeit links, auf einen unbefestigten Parkplatz.<\/p><p>Dort kann man, etwas weiter hinten auf der linken Seite, das Banner und das Tor zum Dojo sehen.<\/p>\t\t\t\t\t\t\t\t<\/div>\n\t\t\t\t<\/div>\n\t\t<div class=\"elementor-element elementor-element-68890400 e-con-full e-flex e-con e-child\" data-id=\"68890400\" data-element_type=\"container\" data-e-type=\"container\" data-settings=\"{&quot;background_background&quot;:&quot;classic&quot;}\">\n\t\t\t\t<div class=\"elementor-element elementor-element-e8615d2 elementor-widget__width-inherit elementor-widget elementor-widget-image\" data-id=\"e8615d2\" data-element_type=\"widget\" data-e-type=\"widget\" data-widget_type=\"image.default\">\n\t\t\t\t<div class=\"elementor-widget-container\">\n\t\t\t\t\t\t\t\t\t\t\t\t\t\t\t<img fetchpriority=\"high\" decoding=\"async\" width=\"512\" height=\"384\" src=\"https:\/\/www.aiki-dan-do.com\/wp-content\/uploads\/2025\/03\/Dojo01.jpg\" class=\"attachment-large size-large wp-image-541\" alt=\"\" srcset=\"https:\/\/www.aiki-dan-do.com\/wp-content\/uploads\/2025\/03\/Dojo01.jpg 512w, https:\/\/www.aiki-dan-do.com\/wp-content\/uploads\/2025\/03\/Dojo01-300x225.jpg 300w\" sizes=\"(max-width: 512px) 100vw, 512px\" \/>\t\t\t\t\t\t\t\t\t\t\t\t\t\t\t<\/div>\n\t\t\t\t<\/div>\n\t\t\t\t<\/div>\n\t\t\t\t\t<\/div>\n\t\t\t\t<\/div>\n\t\t\t\t<\/div>\n\t\t","protected":false},"excerpt":{"rendered":"<p>Aiki-Dan-Do Dojo Lingenfelder Stra\u00dfe 2 (US Depot Tor 2) 76726 Germersheim Telefon: +49 (0)7272\/9556450 E-Mail: info@aiki-dan-do.com Hinweis f\u00fcr die Anfahrt F\u00fcr Navigationsger\u00e4te empfiehlt sich die Adresse\u00a0&#8222;Am Vorwerk Friedrich, Lingenfeld&#8220;\u00a0zu verwenden. Nach dem man von der Lingenfelder Stra\u00dfe in Richtung US-Depot Tor 2 abgebogen ist,f\u00e4hrt man gleich die erste M\u00f6glichkeit links, auf einen unbefestigten Parkplatz. Dort [&hellip;]<\/p>\n","protected":false},"author":1,"featured_media":0,"parent":0,"menu_order":0,"comment_status":"closed","ping_status":"closed","template":"elementor_header_footer","meta":{"footnotes":""},"class_list":["post-132","page","type-page","status-publish","hentry"],"_links":{"self":[{"href":"https:\/\/www.aiki-dan-do.com\/index.php?rest_route=\/wp\/v2\/pages\/132","targetHints":{"allow":["GET"]}}],"collection":[{"href":"https:\/\/www.aiki-dan-do.com\/index.php?rest_route=\/wp\/v2\/pages"}],"about":[{"href":"https:\/\/www.aiki-dan-do.com\/index.php?rest_route=\/wp\/v2\/types\/page"}],"author":[{"embeddable":true,"href":"https:\/\/www.aiki-dan-do.com\/index.php?rest_route=\/wp\/v2\/users\/1"}],"replies":[{"embeddable":true,"href":"https:\/\/www.aiki-dan-do.com\/index.php?rest_route=%2Fwp%2Fv2%2Fcomments&post=132"}],"version-history":[{"count":7,"href":"https:\/\/www.aiki-dan-do.com\/index.php?rest_route=\/wp\/v2\/pages\/132\/revisions"}],"predecessor-version":[{"id":544,"href":"https:\/\/www.aiki-dan-do.com\/index.php?rest_route=\/wp\/v2\/pages\/132\/revisions\/544"}],"wp:attachment":[{"href":"https:\/\/www.aiki-dan-do.com\/index.php?rest_route=%2Fwp%2Fv2%2Fmedia&parent=132"}],"curies":[{"name":"wp","href":"https:\/\/api.w.org\/{rel}","templated":true}]}}